{"id":4887,"date":"2024-06-06T10:49:45","date_gmt":"2024-06-06T10:49:45","guid":{"rendered":"https:\/\/gsse.dz\/sino\/?page_id=4887"},"modified":"2024-06-06T11:09:18","modified_gmt":"2024-06-06T11:09:18","slug":"feuillard","status":"publish","type":"page","link":"https:\/\/gsse.dz\/sino\/feuillard\/","title":{"rendered":"Feuillard"},"content":{"rendered":"\t\t<div data-elementor-type=\"wp-page\" data-elementor-id=\"4887\" class=\"elementor elementor-4887\">\n\t\t\t\t<div class=\"elementor-element elementor-element-dbad7bd e-flex e-con-boxed e-con e-parent\" data-id=\"dbad7bd\" data-element_type=\"container\">\n\t\t\t\t\t<div class=\"e-con-inner\">\n\t\t<div class=\"elementor-element elementor-element-85616ca e-con-full e-flex e-con e-child\" data-id=\"85616ca\" data-element_type=\"container\">\n\t\t\t\t<div class=\"elementor-element elementor-element-d406e58 elementor-widget elementor-widget-image\" data-id=\"d406e58\" data-element_type=\"widget\" data-widget_type=\"image.default\">\n\t\t\t\t<div class=\"elementor-widget-container\">\n\t\t\t<style>\/*! elementor - v3.21.0 - 26-05-2024 *\/\n.elementor-widget-image{text-align:center}.elementor-widget-image a{display:inline-block}.elementor-widget-image a img[src$=\".svg\"]{width:48px}.elementor-widget-image img{vertical-align:middle;display:inline-block}<\/style>\t\t\t\t\t\t\t\t\t\t<img fetchpriority=\"high\" decoding=\"async\" width=\"1024\" height=\"683\" src=\"https:\/\/gsse.dz\/sino\/wp-content\/uploads\/2024\/06\/608B2301-1024x683.jpg\" class=\"attachment-large size-large wp-image-4827\" alt=\"\" srcset=\"https:\/\/gsse.dz\/sino\/wp-content\/uploads\/2024\/06\/608B2301-1024x683.jpg 1024w, https:\/\/gsse.dz\/sino\/wp-content\/uploads\/2024\/06\/608B2301-300x200.jpg 300w, https:\/\/gsse.dz\/sino\/wp-content\/uploads\/2024\/06\/608B2301-768x512.jpg 768w, https:\/\/gsse.dz\/sino\/wp-content\/uploads\/2024\/06\/608B2301-1536x1024.jpg 1536w, https:\/\/gsse.dz\/sino\/wp-content\/uploads\/2024\/06\/608B2301-2048x1365.jpg 2048w, https:\/\/gsse.dz\/sino\/wp-content\/uploads\/2024\/06\/608B2301-600x400.jpg 600w\" sizes=\"(max-width: 1024px) 100vw, 1024px\" \/>\t\t\t\t\t\t\t\t\t\t\t\t\t<\/div>\n\t\t\t\t<\/div>\n\t\t\t\t<div class=\"elementor-element elementor-element-033c79a elementor-widget elementor-widget-mae-gallery-grid\" data-id=\"033c79a\" data-element_type=\"widget\" data-widget_type=\"mae-gallery-grid.default\">\n\t\t\t\t<div class=\"elementor-widget-container\">\n\t\t\t\n        <div class=\"master-portfolio master-galleries\" data-config='{\"columns\":3,\"gapHorizontal\":30,\"gapVertical\":30,\"layoutMode\":\"grid\"}'>\n            <div class=\"galleries cbp\">\n                                    <div class=\"master-gallery cbp-item\">\n                        <div class=\"thumb\">\n                            <a class=\"zoom-popup-mfp\" href=\"https:\/\/gsse.dz\/sino\/wp-content\/uploads\/2024\/06\/608B2187-Recovered.JPG_0003_608B2342.jpg\"><\/a>\n                            <img decoding=\"async\" width=\"1024\" height=\"683\" src=\"https:\/\/gsse.dz\/sino\/wp-content\/uploads\/2024\/06\/608B2187-Recovered.JPG_0003_608B2342-1024x683.jpg\" class=\"attachment-large size-large wp-image-4890\" alt=\"\" srcset=\"https:\/\/gsse.dz\/sino\/wp-content\/uploads\/2024\/06\/608B2187-Recovered.JPG_0003_608B2342-1024x683.jpg 1024w, https:\/\/gsse.dz\/sino\/wp-content\/uploads\/2024\/06\/608B2187-Recovered.JPG_0003_608B2342-300x200.jpg 300w, https:\/\/gsse.dz\/sino\/wp-content\/uploads\/2024\/06\/608B2187-Recovered.JPG_0003_608B2342-768x512.jpg 768w, https:\/\/gsse.dz\/sino\/wp-content\/uploads\/2024\/06\/608B2187-Recovered.JPG_0003_608B2342-600x400.jpg 600w, https:\/\/gsse.dz\/sino\/wp-content\/uploads\/2024\/06\/608B2187-Recovered.JPG_0003_608B2342.jpg 1500w\" sizes=\"(max-width: 1024px) 100vw, 1024px\" \/>                        <\/div>\n                    <\/div>\n                                    <div class=\"master-gallery cbp-item\">\n                        <div class=\"thumb\">\n                            <a class=\"zoom-popup-mfp\" href=\"https:\/\/gsse.dz\/sino\/wp-content\/uploads\/2024\/06\/608B2187-Recovered.JPG_0001_608B2316.jpg\"><\/a>\n                            <img decoding=\"async\" width=\"1024\" height=\"683\" src=\"https:\/\/gsse.dz\/sino\/wp-content\/uploads\/2024\/06\/608B2187-Recovered.JPG_0001_608B2316-1024x683.jpg\" class=\"attachment-large size-large wp-image-4892\" alt=\"\" srcset=\"https:\/\/gsse.dz\/sino\/wp-content\/uploads\/2024\/06\/608B2187-Recovered.JPG_0001_608B2316-1024x683.jpg 1024w, https:\/\/gsse.dz\/sino\/wp-content\/uploads\/2024\/06\/608B2187-Recovered.JPG_0001_608B2316-300x200.jpg 300w, https:\/\/gsse.dz\/sino\/wp-content\/uploads\/2024\/06\/608B2187-Recovered.JPG_0001_608B2316-768x512.jpg 768w, https:\/\/gsse.dz\/sino\/wp-content\/uploads\/2024\/06\/608B2187-Recovered.JPG_0001_608B2316-600x400.jpg 600w, https:\/\/gsse.dz\/sino\/wp-content\/uploads\/2024\/06\/608B2187-Recovered.JPG_0001_608B2316.jpg 1500w\" sizes=\"(max-width: 1024px) 100vw, 1024px\" \/>                        <\/div>\n                    <\/div>\n                                    <div class=\"master-gallery cbp-item\">\n                        <div class=\"thumb\">\n                            <a class=\"zoom-popup-mfp\" href=\"https:\/\/gsse.dz\/sino\/wp-content\/uploads\/2024\/06\/608B2187-Recovered.JPG_0000_608B2318.jpg\"><\/a>\n                            <img loading=\"lazy\" decoding=\"async\" width=\"1024\" height=\"683\" src=\"https:\/\/gsse.dz\/sino\/wp-content\/uploads\/2024\/06\/608B2187-Recovered.JPG_0000_608B2318-1024x683.jpg\" class=\"attachment-large size-large wp-image-4891\" alt=\"\" srcset=\"https:\/\/gsse.dz\/sino\/wp-content\/uploads\/2024\/06\/608B2187-Recovered.JPG_0000_608B2318-1024x683.jpg 1024w, https:\/\/gsse.dz\/sino\/wp-content\/uploads\/2024\/06\/608B2187-Recovered.JPG_0000_608B2318-300x200.jpg 300w, https:\/\/gsse.dz\/sino\/wp-content\/uploads\/2024\/06\/608B2187-Recovered.JPG_0000_608B2318-768x512.jpg 768w, https:\/\/gsse.dz\/sino\/wp-content\/uploads\/2024\/06\/608B2187-Recovered.JPG_0000_608B2318-600x400.jpg 600w, https:\/\/gsse.dz\/sino\/wp-content\/uploads\/2024\/06\/608B2187-Recovered.JPG_0000_608B2318.jpg 1500w\" sizes=\"(max-width: 1024px) 100vw, 1024px\" \/>                        <\/div>\n                    <\/div>\n                            <\/div><!-- galleries -->\n        <\/div><!-- master-portfolio -->\n    \t\t<\/div>\n\t\t\t\t<\/div>\n\t\t\t\t<\/div>\n\t\t<div class=\"elementor-element elementor-element-bb56828 e-con-full e-flex e-con e-child\" data-id=\"bb56828\" data-element_type=\"container\">\n\t\t\t\t<div class=\"elementor-element elementor-element-fdf9b16 heading-default elementor-widget elementor-widget-mae-headings\" data-id=\"fdf9b16\" data-element_type=\"widget\" data-widget_type=\"mae-headings.default\">\n\t\t\t\t<div class=\"elementor-widget-container\">\n\t\t\t\t\t<div class=\"master-heading sep-none\">\n\t\t\t\n\t        \n\t        \n\t        \t        <h2 class=\"main-heading\">Feuillard<\/h2>\n\t        \n\t        \n\t        \t            <div class=\"sub-heading\">Le feuillard PET de SINOPLAST est fabriqu\u00e9 \u00e0 partir de mat\u00e9riaux recycl\u00e9s de haute puret\u00e9, offrant une solution robuste et durable pour diverses applications d'emballage. Con\u00e7u pour r\u00e9sister aux contraintes \u00e9lev\u00e9es, notre feuillard PET est id\u00e9al pour s\u00e9curiser les produits durant le transport et le stockage.<\/div>\n\t        \t    <\/div>\n\t    \t\t<\/div>\n\t\t\t\t<\/div>\n\t\t\t\t<\/div>\n\t\t\t\t\t<\/div>\n\t\t\t\t<\/div>\n\t\t<div class=\"elementor-element elementor-element-292a72e e-flex e-con-boxed e-con e-parent\" data-id=\"292a72e\" data-element_type=\"container\">\n\t\t\t\t\t<div class=\"e-con-inner\">\n\t\t<div class=\"elementor-element elementor-element-96c5d77 e-con-full e-flex e-con e-child\" data-id=\"96c5d77\" data-element_type=\"container\">\n\t\t\t\t<div class=\"elementor-element elementor-element-7d27295 elementor-widget elementor-widget-text-editor\" data-id=\"7d27295\" data-element_type=\"widget\" data-widget_type=\"text-editor.default\">\n\t\t\t\t<div class=\"elementor-widget-container\">\n\t\t\t<style>\/*! elementor - v3.21.0 - 26-05-2024 *\/\n.elementor-widget-text-editor.elementor-drop-cap-view-stacked .elementor-drop-cap{background-color:#69727d;color:#fff}.elementor-widget-text-editor.elementor-drop-cap-view-framed .elementor-drop-cap{color:#69727d;border:3px solid;background-color:transparent}.elementor-widget-text-editor:not(.elementor-drop-cap-view-default) .elementor-drop-cap{margin-top:8px}.elementor-widget-text-editor:not(.elementor-drop-cap-view-default) .elementor-drop-cap-letter{width:1em;height:1em}.elementor-widget-text-editor .elementor-drop-cap{float:left;text-align:center;line-height:1;font-size:50px}.elementor-widget-text-editor .elementor-drop-cap-letter{display:inline-block}<\/style>\t\t\t\t<p><strong>Caract\u00e9ristiques Principales :<\/strong><\/p><ul><li><strong>Haute R\u00e9sistance<\/strong> : Capable de supporter des charges lourdes sans se casser.<\/li><li><strong>Durabilit\u00e9<\/strong> : R\u00e9sistant \u00e0 l&rsquo;usure, aux UV et aux variations climatiques.<\/li><li><strong>\u00c9cologique<\/strong> : Fabriqu\u00e9 \u00e0 partir de PET recycl\u00e9, contribuant \u00e0 la r\u00e9duction des d\u00e9chets plastiques.<\/li><\/ul>\t\t\t\t\t\t<\/div>\n\t\t\t\t<\/div>\n\t\t\t\t<\/div>\n\t\t<div class=\"elementor-element elementor-element-e08b95b e-con-full e-flex e-con e-child\" data-id=\"e08b95b\" data-element_type=\"container\">\n\t\t\t\t<div class=\"elementor-element elementor-element-fac536b elementor-widget elementor-widget-text-editor\" data-id=\"fac536b\" data-element_type=\"widget\" data-widget_type=\"text-editor.default\">\n\t\t\t\t<div class=\"elementor-widget-container\">\n\t\t\t\t\t\t\t<p><strong>Applications :<\/strong><\/p><ul><li><strong>Emballage Industriel<\/strong> : S\u00e9curisation de palettes, caisses, et autres conteneurs de grande taille.<\/li><li><strong>Transport et Logistique<\/strong> : Maintien des marchandises en toute s\u00e9curit\u00e9 pendant le transport.<\/li><li><strong>Stockage<\/strong> : Assure la stabilit\u00e9 des produits entrepos\u00e9s.<\/li><\/ul>\t\t\t\t\t\t<\/div>\n\t\t\t\t<\/div>\n\t\t\t\t<\/div>\n\t\t\t\t\t<\/div>\n\t\t\t\t<\/div>\n\t\t<div class=\"elementor-element elementor-element-76cf6cc e-flex e-con-boxed e-con e-parent\" data-id=\"76cf6cc\" data-element_type=\"container\">\n\t\t\t\t\t<div class=\"e-con-inner\">\n\t\t\t\t<div class=\"elementor-element elementor-element-bdbea3b elementor-widget elementor-widget-text-editor\" data-id=\"bdbea3b\" data-element_type=\"widget\" data-widget_type=\"text-editor.default\">\n\t\t\t\t<div class=\"elementor-widget-container\">\n\t\t\t\t\t\t\t<p>En optant pour le feuillard PET de SINOPLAST, vous choisissez une solution d&#8217;emballage fiable et respectueuse de l&rsquo;environnement, soutenant ainsi des pratiques commerciales plus durables.<\/p>\t\t\t\t\t\t<\/div>\n\t\t\t\t<\/div>\n\t\t\t\t\t<\/div>\n\t\t\t\t<\/div>\n\t\t\t\t<\/div>\n\t\t\n    <div class=\"xs_social_share_widget xs_share_url after_content \t\tmain_content  wslu-style-1 wslu-share-box-shaped wslu-fill-colored wslu-none wslu-share-horizontal wslu-theme-font-no wslu-main_content\">\n\n\t\t\n        <ul>\n\t\t\t        <\/ul>\n    <\/div> \n","protected":false},"excerpt":{"rendered":"<p>Feuillard Le feuillard PET de SINOPLAST est fabriqu\u00e9 \u00e0 partir de mat\u00e9riaux recycl\u00e9s de haute puret\u00e9, offrant une solution robuste et durable pour diverses applications d&#8217;emballage. Con\u00e7u pour r\u00e9sister aux contraintes \u00e9lev\u00e9es, notre feuillard PET est id\u00e9al pour s\u00e9curiser les produits durant le transport et le stockage. Caract\u00e9ristiques Principales :<\/p>\n","protected":false},"author":1,"featured_media":0,"parent":0,"menu_order":0,"comment_status":"closed","ping_status":"closed","template":"","meta":{"_siteseo_robots_primary_cat":"","inline_featured_image":false,"_monsterinsights_skip_tracking":false,"_monsterinsights_sitenote_active":false,"_monsterinsights_sitenote_note":"","_monsterinsights_sitenote_category":0,"footnotes":""},"class_list":["post-4887","page","type-page","status-publish","hentry"],"aioseo_notices":[],"_links":{"self":[{"href":"https:\/\/gsse.dz\/sino\/wp-json\/wp\/v2\/pages\/4887","targetHints":{"allow":["GET"]}}],"collection":[{"href":"https:\/\/gsse.dz\/sino\/wp-json\/wp\/v2\/pages"}],"about":[{"href":"https:\/\/gsse.dz\/sino\/wp-json\/wp\/v2\/types\/page"}],"author":[{"embeddable":true,"href":"https:\/\/gsse.dz\/sino\/wp-json\/wp\/v2\/users\/1"}],"replies":[{"embeddable":true,"href":"https:\/\/gsse.dz\/sino\/wp-json\/wp\/v2\/comments?post=4887"}],"version-history":[{"count":7,"href":"https:\/\/gsse.dz\/sino\/wp-json\/wp\/v2\/pages\/4887\/revisions"}],"predecessor-version":[{"id":4899,"href":"https:\/\/gsse.dz\/sino\/wp-json\/wp\/v2\/pages\/4887\/revisions\/4899"}],"wp:attachment":[{"href":"https:\/\/gsse.dz\/sino\/wp-json\/wp\/v2\/media?parent=4887"}],"curies":[{"name":"wp","href":"https:\/\/api.w.org\/{rel}","templated":true}]}}