{"id":1912,"date":"2023-05-05T22:48:36","date_gmt":"2023-05-05T22:48:36","guid":{"rendered":"https:\/\/tplabs.co\/congin\/?page_id=1912"},"modified":"2024-06-06T10:05:35","modified_gmt":"2024-06-06T10:05:35","slug":"about-us","status":"publish","type":"page","link":"https:\/\/gsse.dz\/sino\/about-us\/","title":{"rendered":"Pr\u00e9sentation"},"content":{"rendered":"\t\t<div data-elementor-type=\"wp-page\" data-elementor-id=\"1912\" class=\"elementor elementor-1912\">\n\t\t\t\t\t\t<section class=\"elementor-section elementor-top-section elementor-element elementor-element-a995223 elementor-section-full_width elementor-section-stretched elementor-section-height-default elementor-section-height-default\" data-id=\"a995223\" data-element_type=\"section\" data-settings=\"{&quot;stretch_section&quot;:&quot;section-stretched&quot;}\">\n\t\t\t\t\t\t<div class=\"elementor-container elementor-column-gap-no\">\n\t\t\t\t\t<div class=\"elementor-column elementor-col-100 elementor-top-column elementor-element elementor-element-1b1ea48\" data-id=\"1b1ea48\" data-element_type=\"column\">\n\t\t\t<div class=\"elementor-widget-wrap elementor-element-populated\">\n\t\t\t\t\t\t<div class=\"elementor-element elementor-element-276a8b2 elementor-widget__width-initial elementor-absolute image-width-full elementor-widget elementor-widget-mae-gallery-stack\" data-id=\"276a8b2\" data-element_type=\"widget\" data-settings=\"{&quot;_position&quot;:&quot;absolute&quot;}\" data-widget_type=\"mae-gallery-stack.default\">\n\t\t\t\t<div class=\"elementor-widget-container\">\n\t\t\t\t\t<div class=\"master-gallery-stack\">\n\t\t\t<div class=\"master-fancy-image elementor-repeater-item-79ce365 \" data-top=\"0px\" data-calcHeight=\"no\">\n\t\t\t\t\t\t\t\t\t\t<div class=\"image-wrap\"><img fetchpriority=\"high\" decoding=\"async\" width=\"842\" height=\"595\" src=\"https:\/\/gsse.dz\/sino\/wp-content\/uploads\/2023\/05\/gear-canvas.svg\" class=\"attachment-full size-full\" alt=\"\" \/><\/div>\n\t\t\t\t\t\t\t\t\t<\/div>\t\t<\/div>\n\t    \t\t<\/div>\n\t\t\t\t<\/div>\n\t\t\t\t<div class=\"elementor-element elementor-element-86b9177 elementor-widget elementor-widget-spacer\" data-id=\"86b9177\" data-element_type=\"widget\" data-widget_type=\"spacer.default\">\n\t\t\t\t<div class=\"elementor-widget-container\">\n\t\t\t<style>\/*! elementor - v3.21.0 - 26-05-2024 *\/\n.elementor-column .elementor-spacer-inner{height:var(--spacer-size)}.e-con{--container-widget-width:100%}.e-con-inner>.elementor-widget-spacer,.e-con>.elementor-widget-spacer{width:var(--container-widget-width,var(--spacer-size));--align-self:var(--container-widget-align-self,initial);--flex-shrink:0}.e-con-inner>.elementor-widget-spacer>.elementor-widget-container,.e-con>.elementor-widget-spacer>.elementor-widget-container{height:100%;width:100%}.e-con-inner>.elementor-widget-spacer>.elementor-widget-container>.elementor-spacer,.e-con>.elementor-widget-spacer>.elementor-widget-container>.elementor-spacer{height:100%}.e-con-inner>.elementor-widget-spacer>.elementor-widget-container>.elementor-spacer>.elementor-spacer-inner,.e-con>.elementor-widget-spacer>.elementor-widget-container>.elementor-spacer>.elementor-spacer-inner{height:var(--container-widget-height,var(--spacer-size))}.e-con-inner>.elementor-widget-spacer.elementor-widget-empty,.e-con>.elementor-widget-spacer.elementor-widget-empty{position:relative;min-height:22px;min-width:22px}.e-con-inner>.elementor-widget-spacer.elementor-widget-empty .elementor-widget-empty-icon,.e-con>.elementor-widget-spacer.elementor-widget-empty .elementor-widget-empty-icon{position:absolute;top:0;bottom:0;left:0;right:0;margin:auto;padding:0;width:22px;height:22px}<\/style>\t\t<div class=\"elementor-spacer\">\n\t\t\t<div class=\"elementor-spacer-inner\"><\/div>\n\t\t<\/div>\n\t\t\t\t<\/div>\n\t\t\t\t<\/div>\n\t\t\t\t<section class=\"elementor-section elementor-inner-section elementor-element elementor-element-452139c elementor-section-boxed elementor-section-height-default elementor-section-height-default\" data-id=\"452139c\" data-element_type=\"section\">\n\t\t\t\t\t\t<div class=\"elementor-container elementor-column-gap-default\">\n\t\t\t\t\t<div class=\"elementor-column elementor-col-50 elementor-inner-column elementor-element elementor-element-1130e3a\" data-id=\"1130e3a\" data-element_type=\"column\">\n\t\t\t<div class=\"elementor-widget-wrap elementor-element-populated\">\n\t\t\t\t\t\t<div class=\"elementor-element elementor-element-9389ed8 heading-default elementor-widget elementor-widget-mae-headings\" data-id=\"9389ed8\" data-element_type=\"widget\" data-widget_type=\"mae-headings.default\">\n\t\t\t\t<div class=\"elementor-widget-container\">\n\t\t\t\t\t<div class=\"master-heading sep-top\">\n\t\t\t\n\t        \t        \t<div class=\"pre-heading\">\n\t\t\t\t<div class=\"sep\">\/<\/div>\t\n\t\t\t\t<span class=\"line\"><span class=\"inner\"><\/span><\/span><span class=\"accent-color\">\/<\/span> Qui sommes nous<\/div>\n\t        \n\t        \n\t        \t        <h2 class=\"main-heading\">SARL SINO ALG\u00c9RIENNE DE PLASTIQUE<\/h2>\n\t        \n\t        \n\t        \t            <div class=\"sub-heading\">Fond\u00e9e en juillet 2017, la SARL SINO ALG\u00c9RIENNE DE PLASTIQUE, \u00e9galement connue sous le nom de SINOPLAST, se positionne \u00e0 la pointe de l'innovation technologique dans l'industrie du recyclage. Bas\u00e9e \u00e0 Hammedi, dans la province de Boumerdes, en Alg\u00e9rie, SINOPLAST se sp\u00e9cialise dans le recyclage et le traitement avanc\u00e9s des mat\u00e9riaux plastiques PET post-consommation pour en faire des produits de haute qualit\u00e9. Avec un engagement envers la durabilit\u00e9 environnementale et la technologie innovante, SINOPLAST s'est taill\u00e9 une place dans le march\u00e9 mondial en tant que leader de l'\u00e9conomie circulaire.<\/div>\n\t        \t    <\/div>\n\t    \t\t<\/div>\n\t\t\t\t<\/div>\n\t\t\t\t\t<\/div>\n\t\t<\/div>\n\t\t\t\t<div class=\"elementor-column elementor-col-50 elementor-inner-column elementor-element elementor-element-494e1f1\" data-id=\"494e1f1\" data-element_type=\"column\">\n\t\t\t<div class=\"elementor-widget-wrap elementor-element-populated\">\n\t\t\t\t\t\t<div class=\"elementor-element elementor-element-99ff739 image-width-full elementor-widget elementor-widget-mae-gallery-stack\" data-id=\"99ff739\" data-element_type=\"widget\" data-widget_type=\"mae-gallery-stack.default\">\n\t\t\t\t<div class=\"elementor-widget-container\">\n\t\t\t\t\t<div class=\"master-gallery-stack\">\n\t\t\t<div class=\"master-fancy-image master-animation elementor-repeater-item-766c66e \" data-top=\"0px\" data-animation=\"reveal revealTop2\" data-calcHeight=\"no\">\n\t\t\t\t\t\t\t\t\t<div class=\"image-wrap\"><img decoding=\"async\" width=\"490\" height=\"522\" src=\"https:\/\/gsse.dz\/sino\/wp-content\/uploads\/2024\/06\/fancy-img-1.jpg\" class=\"attachment-full size-full\" alt=\"\" srcset=\"https:\/\/gsse.dz\/sino\/wp-content\/uploads\/2024\/06\/fancy-img-1.jpg 490w, https:\/\/gsse.dz\/sino\/wp-content\/uploads\/2024\/06\/fancy-img-1-282x300.jpg 282w\" sizes=\"(max-width: 490px) 100vw, 490px\" \/><\/div>\n\t\t\t\t\t\t\t\t<\/div><div class=\"master-fancy-image master-animation elementor-repeater-item-71bc0c5 \" data-top=\"0px\" data-animation=\"reveal revealTop2\" data-calcHeight=\"no\">\n\t\t\t\t\t\t\t\t\t<div class=\"image-wrap\"><img decoding=\"async\" width=\"348\" height=\"322\" src=\"https:\/\/gsse.dz\/sino\/wp-content\/uploads\/2024\/06\/fancy-img-2.jpg\" class=\"attachment-full size-full\" alt=\"\" srcset=\"https:\/\/gsse.dz\/sino\/wp-content\/uploads\/2024\/06\/fancy-img-2.jpg 348w, https:\/\/gsse.dz\/sino\/wp-content\/uploads\/2024\/06\/fancy-img-2-300x278.jpg 300w\" sizes=\"(max-width: 348px) 100vw, 348px\" \/><\/div>\n\t\t\t\t\t\t\t\t<\/div><div class=\"master-shape master-animation elementor-repeater-item-477cd97 \" data-animation=\"zoomInSmall\" data-calcHeight=\"no\"><\/div><div class=\"master-shape master-animation elementor-repeater-item-4e4d2f6 \" data-animation=\"zoomInSmall\" data-calcHeight=\"no\"><\/div>\t\t<\/div>\n\t    \t\t<\/div>\n\t\t\t\t<\/div>\n\t\t\t\t<div class=\"elementor-element elementor-element-4e5e613 elementor-widget elementor-widget-spacer\" data-id=\"4e5e613\" data-element_type=\"widget\" data-widget_type=\"spacer.default\">\n\t\t\t\t<div class=\"elementor-widget-container\">\n\t\t\t\t\t<div class=\"elementor-spacer\">\n\t\t\t<div class=\"elementor-spacer-inner\"><\/div>\n\t\t<\/div>\n\t\t\t\t<\/div>\n\t\t\t\t<\/div>\n\t\t\t\t\t<\/div>\n\t\t<\/div>\n\t\t\t\t\t<\/div>\n\t\t<\/section>\n\t\t\t\t<div class=\"elementor-element elementor-element-ad268cf elementor-widget elementor-widget-spacer\" data-id=\"ad268cf\" data-element_type=\"widget\" data-widget_type=\"spacer.default\">\n\t\t\t\t<div class=\"elementor-widget-container\">\n\t\t\t\t\t<div class=\"elementor-spacer\">\n\t\t\t<div class=\"elementor-spacer-inner\"><\/div>\n\t\t<\/div>\n\t\t\t\t<\/div>\n\t\t\t\t<\/div>\n\t\t\t\t\t<\/div>\n\t\t<\/div>\n\t\t\t\t\t<\/div>\n\t\t<\/section>\n\t\t\t\t<section class=\"elementor-section elementor-top-section elementor-element elementor-element-261a3d4 elementor-section-stretched elementor-section-full_width elementor-section-height-default elementor-section-height-default\" data-id=\"261a3d4\" data-element_type=\"section\" data-settings=\"{&quot;stretch_section&quot;:&quot;section-stretched&quot;,&quot;background_background&quot;:&quot;classic&quot;}\">\n\t\t\t\t\t\t<div class=\"elementor-container elementor-column-gap-no\">\n\t\t\t\t\t<div class=\"elementor-column elementor-col-100 elementor-top-column elementor-element elementor-element-6f80afd\" data-id=\"6f80afd\" data-element_type=\"column\">\n\t\t\t<div class=\"elementor-widget-wrap elementor-element-populated\">\n\t\t\t\t\t\t<div class=\"elementor-element elementor-element-0e650d1 elementor-widget elementor-widget-spacer\" data-id=\"0e650d1\" data-element_type=\"widget\" data-widget_type=\"spacer.default\">\n\t\t\t\t<div class=\"elementor-widget-container\">\n\t\t\t\t\t<div class=\"elementor-spacer\">\n\t\t\t<div class=\"elementor-spacer-inner\"><\/div>\n\t\t<\/div>\n\t\t\t\t<\/div>\n\t\t\t\t<\/div>\n\t\t\t\t<section class=\"elementor-section elementor-inner-section elementor-element elementor-element-683ff87 elementor-section-full_width elementor-section-content-middle elementor-section-height-default elementor-section-height-default\" data-id=\"683ff87\" data-element_type=\"section\" data-settings=\"{&quot;background_background&quot;:&quot;classic&quot;}\">\n\t\t\t\t\t\t<div class=\"elementor-container elementor-column-gap-no\">\n\t\t\t\t\t<div class=\"elementor-column elementor-col-50 elementor-inner-column elementor-element elementor-element-30f21fc\" data-id=\"30f21fc\" data-element_type=\"column\">\n\t\t\t<div class=\"elementor-widget-wrap elementor-element-populated\">\n\t\t\t\t\t\t<div class=\"elementor-element elementor-element-df8c230 elementor-widget elementor-widget-spacer\" data-id=\"df8c230\" data-element_type=\"widget\" data-widget_type=\"spacer.default\">\n\t\t\t\t<div class=\"elementor-widget-container\">\n\t\t\t\t\t<div class=\"elementor-spacer\">\n\t\t\t<div class=\"elementor-spacer-inner\"><\/div>\n\t\t<\/div>\n\t\t\t\t<\/div>\n\t\t\t\t<\/div>\n\t\t\t\t<div class=\"elementor-element elementor-element-bd923ca icon-position-right icon-box-default icon-has-bg elementor-widget elementor-widget-mae-icon-box\" data-id=\"bd923ca\" data-element_type=\"widget\" data-widget_type=\"mae-icon-box.default\">\n\t\t\t\t<div class=\"elementor-widget-container\">\n\t\t\t                <div class=\"master-icon-box\" >\n                        \n            <div class=\"inner\">\n                \n                <div class=\"text-wrap\">\n                    <h3 class=\"headline-2\">Installations et Main-d'\u0153uvre<\/h3><div class=\"desc\">Occupant une installation de 30 000 m\u00e8tres carr\u00e9s au c\u0153ur de l'Alg\u00e9rie, SINOPLAST fonctionne avec une \u00e9quipe diversifi\u00e9e compos\u00e9e de plus de 200 employ\u00e9s alg\u00e9riens et 12 employ\u00e9s chinois. Cette main-d'\u0153uvre multiculturelle soutient nos op\u00e9rations, favorisant un m\u00e9lange d'expertise locale et de perspectives internationales qui stimulent notre succ\u00e8s.<\/div>                <\/div>\n            <\/div>\n\n            <div class=\"bg-static\"><\/div>        <\/div>\n        \t\t<\/div>\n\t\t\t\t<\/div>\n\t\t\t\t<div class=\"elementor-element elementor-element-12b054e elementor-widget elementor-widget-spacer\" data-id=\"12b054e\" data-element_type=\"widget\" data-widget_type=\"spacer.default\">\n\t\t\t\t<div class=\"elementor-widget-container\">\n\t\t\t\t\t<div class=\"elementor-spacer\">\n\t\t\t<div class=\"elementor-spacer-inner\"><\/div>\n\t\t<\/div>\n\t\t\t\t<\/div>\n\t\t\t\t<\/div>\n\t\t\t\t\t<\/div>\n\t\t<\/div>\n\t\t\t\t<div class=\"elementor-column elementor-col-50 elementor-inner-column elementor-element elementor-element-e8e84c8\" data-id=\"e8e84c8\" data-element_type=\"column\" data-settings=\"{&quot;background_background&quot;:&quot;classic&quot;}\">\n\t\t\t<div class=\"elementor-widget-wrap elementor-element-populated\">\n\t\t\t\t\t\t<div class=\"elementor-element elementor-element-0cbd7be elementor-widget elementor-widget-spacer\" data-id=\"0cbd7be\" data-element_type=\"widget\" data-widget_type=\"spacer.default\">\n\t\t\t\t<div class=\"elementor-widget-container\">\n\t\t\t\t\t<div class=\"elementor-spacer\">\n\t\t\t<div class=\"elementor-spacer-inner\"><\/div>\n\t\t<\/div>\n\t\t\t\t<\/div>\n\t\t\t\t<\/div>\n\t\t\t\t\t<\/div>\n\t\t<\/div>\n\t\t\t\t\t<\/div>\n\t\t<\/section>\n\t\t<div class=\"elementor-element elementor-element-adcea60 e-grid e-con-boxed e-con e-parent\" data-id=\"adcea60\" data-element_type=\"container\">\n\t\t\t\t\t<div class=\"e-con-inner\">\n\t\t\t\t<div class=\"elementor-element elementor-element-df27952 heading-default elementor-widget elementor-widget-mae-headings\" data-id=\"df27952\" data-element_type=\"widget\" data-widget_type=\"mae-headings.default\">\n\t\t\t\t<div class=\"elementor-widget-container\">\n\t\t\t\t\t<div class=\"master-heading sep-none\">\n\t\t\t\n\t        \n\t        \n\t        \t        <h2 class=\"main-heading\">Op\u00e9rations Principales\n<\/h2>\n\t        \n\t        \n\t        \t            <div class=\"sub-heading\">Chez SINOPLAST, nous nous concentrons sur le cycle de vie complet des plastiques, depuis la collecte jusqu'au recyclage et \u00e0 la transformation finale en nouveaux produits. Nos techniques de traitement \u00e0 la pointe de la technologie comprennent le tri de haute puret\u00e9, le nettoyage de bouteille \u00e0 bouteille et l'\u00e9limination des impuret\u00e9s \u00e0 des taux exceptionnels. Cela nous permet de produire une gamme de produits PET recycl\u00e9s (r-PET), y compris des granul\u00e9s de qualit\u00e9 fibre et bouteille, des mat\u00e9riaux en feuille et divers produits thermoform\u00e9s.\nNotre approche innovante garantit que les plastiques recycl\u00e9s sont r\u00e9int\u00e9gr\u00e9s sur le march\u00e9 en tant que produits de qualit\u00e9 sup\u00e9rieure, utilis\u00e9s dans les emballages alimentaires pour les gobelets, les ustensiles, les bouteilles de boissons, ainsi que dans les industries textile et automobile. En transformant les mat\u00e9riaux jet\u00e9s en nouvelles formes pr\u00e9cieuses, SINOPLAST soutient des pratiques durables dans divers secteurs.<\/div>\n\t        \t    <\/div>\n\t    \t\t<\/div>\n\t\t\t\t<\/div>\n\t\t\t\t<div class=\"elementor-element elementor-element-ab76fc3 elementor-invisible elementor-widget elementor-widget-image\" data-id=\"ab76fc3\" data-element_type=\"widget\" data-settings=\"{&quot;_animation&quot;:&quot;reveal revealTop2&quot;}\" data-widget_type=\"image.default\">\n\t\t\t\t<div class=\"elementor-widget-container\">\n\t\t\t<style>\/*! elementor - v3.21.0 - 26-05-2024 *\/\n.elementor-widget-image{text-align:center}.elementor-widget-image a{display:inline-block}.elementor-widget-image a img[src$=\".svg\"]{width:48px}.elementor-widget-image img{vertical-align:middle;display:inline-block}<\/style>\t\t\t\t\t\t\t\t\t\t<img decoding=\"async\" src=\"https:\/\/gsse.dz\/sino\/wp-content\/uploads\/elementor\/thumbs\/IMG_1589-1-qp81g6ubsgervetnsflfuys517wwhesk4k1f1mmarg.jpg\" title=\"IMG_1589\" alt=\"IMG_1589\" loading=\"lazy\" \/>\t\t\t\t\t\t\t\t\t\t\t\t\t<\/div>\n\t\t\t\t<\/div>\n\t\t\t\t\t<\/div>\n\t\t\t\t<\/div>\n\t\t<div class=\"elementor-element elementor-element-674b5c4 e-grid e-con-boxed e-con e-parent\" data-id=\"674b5c4\" data-element_type=\"container\">\n\t\t\t\t\t<div class=\"e-con-inner\">\n\t\t\t\t<div class=\"elementor-element elementor-element-7cb7267 elementor-invisible elementor-widget elementor-widget-image\" data-id=\"7cb7267\" data-element_type=\"widget\" data-settings=\"{&quot;_animation&quot;:&quot;reveal revealTop2&quot;}\" data-widget_type=\"image.default\">\n\t\t\t\t<div class=\"elementor-widget-container\">\n\t\t\t\t\t\t\t\t\t\t\t\t\t<img loading=\"lazy\" decoding=\"async\" width=\"1024\" height=\"683\" src=\"https:\/\/gsse.dz\/sino\/wp-content\/uploads\/2024\/06\/608B2187-1024x683.jpg\" class=\"attachment-large size-large wp-image-4796\" alt=\"\" srcset=\"https:\/\/gsse.dz\/sino\/wp-content\/uploads\/2024\/06\/608B2187-1024x683.jpg 1024w, https:\/\/gsse.dz\/sino\/wp-content\/uploads\/2024\/06\/608B2187-300x200.jpg 300w, https:\/\/gsse.dz\/sino\/wp-content\/uploads\/2024\/06\/608B2187-768x512.jpg 768w, https:\/\/gsse.dz\/sino\/wp-content\/uploads\/2024\/06\/608B2187-600x400.jpg 600w, https:\/\/gsse.dz\/sino\/wp-content\/uploads\/2024\/06\/608B2187.jpg 1500w\" sizes=\"(max-width: 1024px) 100vw, 1024px\" \/>\t\t\t\t\t\t\t\t\t\t\t\t\t<\/div>\n\t\t\t\t<\/div>\n\t\t\t\t<div class=\"elementor-element elementor-element-e9ee5be heading-default elementor-widget elementor-widget-mae-headings\" data-id=\"e9ee5be\" data-element_type=\"widget\" data-widget_type=\"mae-headings.default\">\n\t\t\t\t<div class=\"elementor-widget-container\">\n\t\t\t\t\t<div class=\"master-heading sep-none\">\n\t\t\t\n\t        \n\t        \n\t        \t        <h2 class=\"main-heading\">Port\u00e9e Mondiale\n<\/h2>\n\t        \n\t        \n\t        \t            <div class=\"sub-heading\">SINOPLAST exporte fi\u00e8rement ses produits vers plus de dix pays et r\u00e9gions dans le monde. Notre engagement envers la qualit\u00e9 et la durabilit\u00e9 nous a valu une solide r\u00e9putation internationale, nous positionnant comme un partenaire de confiance dans l'industrie mondiale du recyclage. La prochaine production de 40 000 tonnes par an de flocons de bouteilles en PET de haute puret\u00e9 amplifie encore notre capacit\u00e9 \u00e0 r\u00e9pondre aux demandes mondiales croissantes.<\/div>\n\t        \t    <\/div>\n\t    \t\t<\/div>\n\t\t\t\t<\/div>\n\t\t\t\t\t<\/div>\n\t\t\t\t<\/div>\n\t\t\t\t<div class=\"elementor-element elementor-element-3d6fa9b align-center heading-default elementor-widget elementor-widget-mae-headings\" data-id=\"3d6fa9b\" data-element_type=\"widget\" data-widget_type=\"mae-headings.default\">\n\t\t\t\t<div class=\"elementor-widget-container\">\n\t\t\t\t\t<div class=\"master-heading sep-top\">\n\t\t\t\n\t        \t        \t<div class=\"pre-heading\">\n\t\t\t\t<div class=\"sep\">\/<\/div>\t\n\t\t\t\t<span class=\"line\"><span class=\"inner\"><\/span><\/span>D\u00e9couvrez<\/div>\n\t        \n\t        \n\t        \t        <h2 class=\"main-heading\">Notre Essence\n\n\n\n\n\n<\/h2>\n\t        \n\t        \n\t        \t    <\/div>\n\t    \t\t<\/div>\n\t\t\t\t<\/div>\n\t\t<div class=\"elementor-element elementor-element-545a64e e-grid e-con-boxed e-con e-parent\" data-id=\"545a64e\" data-element_type=\"container\">\n\t\t\t\t\t<div class=\"e-con-inner\">\n\t\t\t\t<div class=\"elementor-element elementor-element-d66959a elementor-widget elementor-widget-text-editor\" data-id=\"d66959a\" data-element_type=\"widget\" data-widget_type=\"text-editor.default\">\n\t\t\t\t<div class=\"elementor-widget-container\">\n\t\t\t<style>\/*! elementor - v3.21.0 - 26-05-2024 *\/\n.elementor-widget-text-editor.elementor-drop-cap-view-stacked .elementor-drop-cap{background-color:#69727d;color:#fff}.elementor-widget-text-editor.elementor-drop-cap-view-framed .elementor-drop-cap{color:#69727d;border:3px solid;background-color:transparent}.elementor-widget-text-editor:not(.elementor-drop-cap-view-default) .elementor-drop-cap{margin-top:8px}.elementor-widget-text-editor:not(.elementor-drop-cap-view-default) .elementor-drop-cap-letter{width:1em;height:1em}.elementor-widget-text-editor .elementor-drop-cap{float:left;text-align:center;line-height:1;font-size:50px}.elementor-widget-text-editor .elementor-drop-cap-letter{display:inline-block}<\/style>\t\t\t\t<h5 style=\"text-align: center;\">Culture et Valeurs d&rsquo;Entreprise<\/h5><p style=\"text-align: left;\">Notre philosophie d&rsquo;entreprise est centr\u00e9e sur le respect des individus, l&rsquo;int\u00e9grit\u00e9 et le b\u00e9n\u00e9fice mutuel. Nous nous engageons \u00e0 pratiquer l&rsquo;honn\u00eatet\u00e9, la diligence, le professionnalisme et le travail d&rsquo;\u00e9quipe, tout en donnant toujours la priorit\u00e9 \u00e0 nos clients. Ces valeurs ne sont pas seulement des principes, mais les fondations sur lesquelles nous construisons nos op\u00e9rations quotidiennes et nos d\u00e9cisions strat\u00e9giques.<\/p>\t\t\t\t\t\t<\/div>\n\t\t\t\t<\/div>\n\t\t\t\t<div class=\"elementor-element elementor-element-6250c2c elementor-widget elementor-widget-text-editor\" data-id=\"6250c2c\" data-element_type=\"widget\" data-widget_type=\"text-editor.default\">\n\t\t\t\t<div class=\"elementor-widget-container\">\n\t\t\t\t\t\t\t<h5 style=\"text-align: center;\">Mission et Vision<\/h5><p style=\"text-align: left;\">La mission de SINOPLAST est de se consacrer \u00e0 la r\u00e9g\u00e9n\u00e9ration cyclique des ressources, contribuant au d\u00e9veloppement vert, faible en carbone et durable de la plan\u00e8te. Notre vision est de devenir un leader mondial dans le recyclage des ressources \u00e0 haute technologie, en repoussant continuellement les limites de l&rsquo;innovation et de la durabilit\u00e9 dans le secteur du recyclage.<\/p>\t\t\t\t\t\t<\/div>\n\t\t\t\t<\/div>\n\t\t\t\t<div class=\"elementor-element elementor-element-e427547 elementor-widget elementor-widget-text-editor\" data-id=\"e427547\" data-element_type=\"widget\" data-widget_type=\"text-editor.default\">\n\t\t\t\t<div class=\"elementor-widget-container\">\n\t\t\t\t\t\t\t<h5 style=\"text-align: center;\">Perspective d&rsquo;Avenir<\/h5><p style=\"text-align: left;\">En regardant vers l&rsquo;avenir, SINOPLAST s&rsquo;engage \u00e0 \u00e9tendre son influence et ses op\u00e9rations pour mieux r\u00e9pondre aux besoins du march\u00e9 mondial. Nous nous effor\u00e7ons d&rsquo;am\u00e9liorer nos technologies et d&rsquo;\u00e9largir notre gamme de produits, en veillant \u00e0 ce que nos processus soient aussi respectueux de l&rsquo;environnement et efficaces que possible. Notre objectif est non seulement de r\u00e9ussir en tant qu&rsquo;entreprise, mais aussi d&rsquo;avoir un impact positif significatif sur l&rsquo;environnement et la soci\u00e9t\u00e9 mondiale.<\/p>\t\t\t\t\t\t<\/div>\n\t\t\t\t<\/div>\n\t\t\t\t\t<\/div>\n\t\t\t\t<\/div>\n\t\t\t\t<div class=\"elementor-element elementor-element-225568a elementor-widget elementor-widget-spacer\" data-id=\"225568a\" data-element_type=\"widget\" data-widget_type=\"spacer.default\">\n\t\t\t\t<div class=\"elementor-widget-container\">\n\t\t\t\t\t<div class=\"elementor-spacer\">\n\t\t\t<div class=\"elementor-spacer-inner\"><\/div>\n\t\t<\/div>\n\t\t\t\t<\/div>\n\t\t\t\t<\/div>\n\t\t\t\t\t<\/div>\n\t\t<\/div>\n\t\t\t\t\t<\/div>\n\t\t<\/section>\n\t\t\t\t<\/div>\n\t\t\n    <div class=\"xs_social_share_widget xs_share_url after_content \t\tmain_content  wslu-style-1 wslu-share-box-shaped wslu-fill-colored wslu-none wslu-share-horizontal wslu-theme-font-no wslu-main_content\">\n\n\t\t\n        <ul>\n\t\t\t        <\/ul>\n    <\/div> \n","protected":false},"excerpt":{"rendered":"<p>\/ \/ Qui sommes nous SARL SINO ALG\u00c9RIENNE DE PLASTIQUE Fond\u00e9e en juillet 2017, la SARL SINO ALG\u00c9RIENNE DE PLASTIQUE, \u00e9galement connue sous le nom de SINOPLAST, se positionne \u00e0 la pointe de l&rsquo;innovation technologique dans l&rsquo;industrie du recyclage. Bas\u00e9e \u00e0 Hammedi, dans la province de Boumerdes, en Alg\u00e9rie, SINOPLAST<\/p>\n","protected":false},"author":1,"featured_media":0,"parent":0,"menu_order":0,"comment_status":"closed","ping_status":"closed","template":"","meta":{"_siteseo_robots_primary_cat":"","inline_featured_image":false,"_monsterinsights_skip_tracking":false,"_monsterinsights_sitenote_active":false,"_monsterinsights_sitenote_note":"","_monsterinsights_sitenote_category":0,"footnotes":""},"class_list":["post-1912","page","type-page","status-publish","hentry"],"aioseo_notices":[],"_links":{"self":[{"href":"https:\/\/gsse.dz\/sino\/wp-json\/wp\/v2\/pages\/1912","targetHints":{"allow":["GET"]}}],"collection":[{"href":"https:\/\/gsse.dz\/sino\/wp-json\/wp\/v2\/pages"}],"about":[{"href":"https:\/\/gsse.dz\/sino\/wp-json\/wp\/v2\/types\/page"}],"author":[{"embeddable":true,"href":"https:\/\/gsse.dz\/sino\/wp-json\/wp\/v2\/users\/1"}],"replies":[{"embeddable":true,"href":"https:\/\/gsse.dz\/sino\/wp-json\/wp\/v2\/comments?post=1912"}],"version-history":[{"count":92,"href":"https:\/\/gsse.dz\/sino\/wp-json\/wp\/v2\/pages\/1912\/revisions"}],"predecessor-version":[{"id":4859,"href":"https:\/\/gsse.dz\/sino\/wp-json\/wp\/v2\/pages\/1912\/revisions\/4859"}],"wp:attachment":[{"href":"https:\/\/gsse.dz\/sino\/wp-json\/wp\/v2\/media?parent=1912"}],"curies":[{"name":"wp","href":"https:\/\/api.w.org\/{rel}","templated":true}]}}